{"id":2079,"date":"2020-06-08T15:36:27","date_gmt":"2020-06-08T13:36:27","guid":{"rendered":"http:\/\/my-lixi.com\/?post_type=product&#038;p=2079"},"modified":"2020-06-30T16:13:28","modified_gmt":"2020-06-30T14:13:28","slug":"lampe-lixi-cassette","status":"publish","type":"product","link":"https:\/\/www.my-lixi.com\/fr\/product\/lampe-lixi-cassette\/","title":{"rendered":"Lampe LIXI Cassette"},"content":{"rendered":"<p><strong><span style=\"font-family: Arial, sans-serif;\"><span style=\"font-size: medium;\">Contenu dans la bo\u00eete :\u00a0<\/span><\/span><\/strong><\/p>\n<ul>\n<li>1 lampe en plexiglas. Dimensions : 13,7 x 20,4 cm.<\/li>\n<li>1 socle en bois \u00e9clairage et port USB int\u00e9gr\u00e9s. Dimensions : 10 x 4,9 cm. Possibilit\u00e9 d\u2019ins\u00e9rer 3 piles LR06 AA (non fournies), bouton On\/Off.<\/li>\n<li>1 c\u00e2ble en nylon avec interrupteur. Longueur de 150 cm.<\/li>\n<li>1 lingette pour nettoyer la plaque de plexiglas.<\/li>\n<\/ul>\n","protected":false},"excerpt":{"rendered":"<p><span style=\"color: #000000; font-family: Arial, sans-serif; font-size: medium;\">Si vous aussi vous avez rembobin\u00e9 votre cassette audio avec un crayon&#8230; cette lampe originale hommage aux 90&rsquo;s est faite pour vous !<\/span><\/p>\n","protected":false},"featured_media":2080,"comment_status":"open","ping_status":"closed","template":"","meta":[],"product_cat":[34,32],"product_tag":[],"_links":{"self":[{"href":"https:\/\/www.my-lixi.com\/fr\/wp-json\/wp\/v2\/product\/2079"}],"collection":[{"href":"https:\/\/www.my-lixi.com\/fr\/wp-json\/wp\/v2\/product"}],"about":[{"href":"https:\/\/www.my-lixi.com\/fr\/wp-json\/wp\/v2\/types\/product"}],"replies":[{"embeddable":true,"href":"https:\/\/www.my-lixi.com\/fr\/wp-json\/wp\/v2\/comments?post=2079"}],"version-history":[{"count":2,"href":"https:\/\/www.my-lixi.com\/fr\/wp-json\/wp\/v2\/product\/2079\/revisions"}],"predecessor-version":[{"id":2098,"href":"https:\/\/www.my-lixi.com\/fr\/wp-json\/wp\/v2\/product\/2079\/revisions\/2098"}],"wp:featuredmedia":[{"embeddable":true,"href":"https:\/\/www.my-lixi.com\/fr\/wp-json\/wp\/v2\/media\/2080"}],"wp:attachment":[{"href":"https:\/\/www.my-lixi.com\/fr\/wp-json\/wp\/v2\/media?parent=2079"}],"wp:term":[{"taxonomy":"product_cat","embeddable":true,"href":"https:\/\/www.my-lixi.com\/fr\/wp-json\/wp\/v2\/product_cat?post=2079"},{"taxonomy":"product_tag","embeddable":true,"href":"https:\/\/www.my-lixi.com\/fr\/wp-json\/wp\/v2\/product_tag?post=2079"}],"curies":[{"name":"wp","href":"https:\/\/api.w.org\/{rel}","templated":true}]}}