{"id":2073,"date":"2020-06-08T15:31:56","date_gmt":"2020-06-08T13:31:56","guid":{"rendered":"http:\/\/my-lixi.com\/?post_type=product&#038;p=2073"},"modified":"2020-06-30T16:13:50","modified_gmt":"2020-06-30T14:13:50","slug":"lampe-lixi-children-fr-the-90ties-a-personnaliser","status":"publish","type":"product","link":"https:\/\/www.my-lixi.com\/fr\/product\/lampe-lixi-children-fr-the-90ties-a-personnaliser\/","title":{"rendered":"Lampe LIXI Children of the 90ties \u00e0 Personnaliser"},"content":{"rendered":"<p><strong><span style=\"font-family: Arial, sans-serif;\"><span style=\"font-size: medium;\">Contenu dans la bo\u00eete :\u00a0<\/span><\/span><\/strong><\/p>\n<ul>\n<li>1 lampe en plexiglas. Dimensions : 17,3 x 17,5 cm.<\/li>\n<li>1 socle en bois \u00e9clairage et port USB int\u00e9gr\u00e9s. Dimensions : 10 x 4,9 cm. Possibilit\u00e9 d\u2019ins\u00e9rer 3 piles LR06 AA (non fournies), bouton On\/Off.<\/li>\n<li>1 c\u00e2ble en nylon avec interrupteur. Longueur de 150 cm.<\/li>\n<li>1 lingette pour nettoyer la plaque de plexiglas.<\/li>\n<\/ul>\n","protected":false},"excerpt":{"rendered":"<p align=\"left\"><span style=\"color: #000000;\"><span style=\"font-family: Arial, sans-serif;\"><span style=\"font-size: medium;\">Pour les enfants des ann\u00e9es 90, pour qui ces ann\u00e9es sont et resteront les meilleures !<\/span><\/span><\/span><\/p>\n","protected":false},"featured_media":2074,"comment_status":"open","ping_status":"closed","template":"","meta":[],"product_cat":[34,33],"product_tag":[],"_links":{"self":[{"href":"https:\/\/www.my-lixi.com\/fr\/wp-json\/wp\/v2\/product\/2073"}],"collection":[{"href":"https:\/\/www.my-lixi.com\/fr\/wp-json\/wp\/v2\/product"}],"about":[{"href":"https:\/\/www.my-lixi.com\/fr\/wp-json\/wp\/v2\/types\/product"}],"replies":[{"embeddable":true,"href":"https:\/\/www.my-lixi.com\/fr\/wp-json\/wp\/v2\/comments?post=2073"}],"version-history":[{"count":2,"href":"https:\/\/www.my-lixi.com\/fr\/wp-json\/wp\/v2\/product\/2073\/revisions"}],"predecessor-version":[{"id":2100,"href":"https:\/\/www.my-lixi.com\/fr\/wp-json\/wp\/v2\/product\/2073\/revisions\/2100"}],"wp:featuredmedia":[{"embeddable":true,"href":"https:\/\/www.my-lixi.com\/fr\/wp-json\/wp\/v2\/media\/2074"}],"wp:attachment":[{"href":"https:\/\/www.my-lixi.com\/fr\/wp-json\/wp\/v2\/media?parent=2073"}],"wp:term":[{"taxonomy":"product_cat","embeddable":true,"href":"https:\/\/www.my-lixi.com\/fr\/wp-json\/wp\/v2\/product_cat?post=2073"},{"taxonomy":"product_tag","embeddable":true,"href":"https:\/\/www.my-lixi.com\/fr\/wp-json\/wp\/v2\/product_tag?post=2073"}],"curies":[{"name":"wp","href":"https:\/\/api.w.org\/{rel}","templated":true}]}}