{"id":2001,"date":"2019-11-20T12:28:48","date_gmt":"2019-11-20T11:28:48","guid":{"rendered":"http:\/\/my-lixi.com\/?post_type=product&#038;p=2001"},"modified":"2020-06-30T16:14:40","modified_gmt":"2020-06-30T14:14:40","slug":"lampe-lixi-fuck","status":"publish","type":"product","link":"https:\/\/www.my-lixi.com\/fr\/product\/lampe-lixi-fuck\/","title":{"rendered":"Lampe LIXI FUCK"},"content":{"rendered":"<p><strong><span style=\"font-family: Arial, sans-serif;\"><span style=\"font-size: medium;\">Contenu dans la bo\u00eete :\u00a0<\/span><\/span><\/strong><\/p>\n<ul>\n<li>1 lampe en plexiglas. Dimensions : 19,8 x 10,2 cm.<\/li>\n<li>1 socle en bois \u00e9clairage et port USB int\u00e9gr\u00e9s. Dimensions : 10 x 4,9 cm. Possibilit\u00e9 d\u2019ins\u00e9rer 3 piles LR06 AA (non fournies), bouton On\/Off.<\/li>\n<li>1 c\u00e2ble en nylon avec interrupteur. Longueur de 150 cm.<\/li>\n<li>1 lingette pour nettoyer la plaque de plexiglas.<\/li>\n<\/ul>\n","protected":false},"excerpt":{"rendered":"<p>\u00ab\u00a0Un mot \u00e0 dire sur ma d\u00e9co ?\u00a0\u00bb<\/p>\n<p>Ce mod\u00e8le de lampe LIXI surfe sur la tendance de l&rsquo;objet impertinent qu&rsquo;on adore d\u00e9tester !<\/p>\n","protected":false},"featured_media":2002,"comment_status":"open","ping_status":"closed","template":"","meta":[],"product_cat":[34,32],"product_tag":[],"_links":{"self":[{"href":"https:\/\/www.my-lixi.com\/fr\/wp-json\/wp\/v2\/product\/2001"}],"collection":[{"href":"https:\/\/www.my-lixi.com\/fr\/wp-json\/wp\/v2\/product"}],"about":[{"href":"https:\/\/www.my-lixi.com\/fr\/wp-json\/wp\/v2\/types\/product"}],"replies":[{"embeddable":true,"href":"https:\/\/www.my-lixi.com\/fr\/wp-json\/wp\/v2\/comments?post=2001"}],"version-history":[{"count":4,"href":"https:\/\/www.my-lixi.com\/fr\/wp-json\/wp\/v2\/product\/2001\/revisions"}],"predecessor-version":[{"id":2104,"href":"https:\/\/www.my-lixi.com\/fr\/wp-json\/wp\/v2\/product\/2001\/revisions\/2104"}],"wp:featuredmedia":[{"embeddable":true,"href":"https:\/\/www.my-lixi.com\/fr\/wp-json\/wp\/v2\/media\/2002"}],"wp:attachment":[{"href":"https:\/\/www.my-lixi.com\/fr\/wp-json\/wp\/v2\/media?parent=2001"}],"wp:term":[{"taxonomy":"product_cat","embeddable":true,"href":"https:\/\/www.my-lixi.com\/fr\/wp-json\/wp\/v2\/product_cat?post=2001"},{"taxonomy":"product_tag","embeddable":true,"href":"https:\/\/www.my-lixi.com\/fr\/wp-json\/wp\/v2\/product_tag?post=2001"}],"curies":[{"name":"wp","href":"https:\/\/api.w.org\/{rel}","templated":true}]}}