{"id":1995,"date":"2019-11-20T12:25:26","date_gmt":"2019-11-20T11:25:26","guid":{"rendered":"http:\/\/my-lixi.com\/?post_type=product&#038;p=1995"},"modified":"2020-07-20T16:01:39","modified_gmt":"2020-07-20T14:01:39","slug":"lampe-lixi-moonlight-a-personnaliser","status":"publish","type":"product","link":"https:\/\/www.my-lixi.com\/fr\/product\/lampe-lixi-moonlight-a-personnaliser\/","title":{"rendered":"Lampe Lixi Moonlight \u00e0 Personnaliser"},"content":{"rendered":"<p><strong style=\"font-size: 1rem;\">Contient :<\/strong><\/p>\n<ul>\n<li>1 lampe en plexiglas. Dimensions : 17,4 x 16,5 cm.<\/li>\n<li>1 socle en bois \u00e9clairage et port USB int\u00e9gr\u00e9s. Dimensions : 10 x 4,9 cm. Possibilit\u00e9 d\u2019ins\u00e9rer 3 piles LR06 AA (non fournies), bouton On\/Off.<\/li>\n<li>1 c\u00e2ble en nylon avec interrupteur. Longueur de 150 cm.<\/li>\n<li>1 lingette pour nettoyer la plaque de plexiglas.<\/li>\n<\/ul>\n","protected":false},"excerpt":{"rendered":"<p>Une lampe comme une vraie invitation au voyage.<\/p>\n","protected":false},"featured_media":2142,"comment_status":"open","ping_status":"closed","template":"","meta":[],"product_cat":[33],"product_tag":[],"_links":{"self":[{"href":"https:\/\/www.my-lixi.com\/fr\/wp-json\/wp\/v2\/product\/1995"}],"collection":[{"href":"https:\/\/www.my-lixi.com\/fr\/wp-json\/wp\/v2\/product"}],"about":[{"href":"https:\/\/www.my-lixi.com\/fr\/wp-json\/wp\/v2\/types\/product"}],"replies":[{"embeddable":true,"href":"https:\/\/www.my-lixi.com\/fr\/wp-json\/wp\/v2\/comments?post=1995"}],"version-history":[{"count":3,"href":"https:\/\/www.my-lixi.com\/fr\/wp-json\/wp\/v2\/product\/1995\/revisions"}],"predecessor-version":[{"id":2106,"href":"https:\/\/www.my-lixi.com\/fr\/wp-json\/wp\/v2\/product\/1995\/revisions\/2106"}],"wp:featuredmedia":[{"embeddable":true,"href":"https:\/\/www.my-lixi.com\/fr\/wp-json\/wp\/v2\/media\/2142"}],"wp:attachment":[{"href":"https:\/\/www.my-lixi.com\/fr\/wp-json\/wp\/v2\/media?parent=1995"}],"wp:term":[{"taxonomy":"product_cat","embeddable":true,"href":"https:\/\/www.my-lixi.com\/fr\/wp-json\/wp\/v2\/product_cat?post=1995"},{"taxonomy":"product_tag","embeddable":true,"href":"https:\/\/www.my-lixi.com\/fr\/wp-json\/wp\/v2\/product_tag?post=1995"}],"curies":[{"name":"wp","href":"https:\/\/api.w.org\/{rel}","templated":true}]}}