{"id":1929,"date":"2019-08-16T15:26:16","date_gmt":"2019-08-16T13:26:16","guid":{"rendered":"http:\/\/my-lixi.com\/?post_type=product&#038;p=1929"},"modified":"2019-08-16T15:27:25","modified_gmt":"2019-08-16T13:27:25","slug":"plaque-lixi-amour-infini","status":"publish","type":"product","link":"https:\/\/www.my-lixi.com\/fr\/product\/plaque-lixi-amour-infini\/","title":{"rendered":"Plaque Lixi Amour infini"},"content":{"rendered":"<p><strong>Contient :\u00a0<\/strong><\/p>\n<ul>\n<li>1 plaque LIXI Amour infini qui s&rsquo;adaptera parfaitement sur votre socle. Livr\u00e9e dans sa pochette.<\/li>\n<\/ul>\n","protected":false},"excerpt":{"rendered":"<p>Un c\u0153ur pour d\u00e9corer votre int\u00e9rieur. Oui, nous sommes bien dans la maison de l&rsquo;amour ! Changez votre plaque LIXI selon vos humeurs et vos envies du moment !<\/p>\n","protected":false},"featured_media":1930,"comment_status":"open","ping_status":"closed","template":"","meta":[],"product_cat":[37,32],"product_tag":[],"_links":{"self":[{"href":"https:\/\/www.my-lixi.com\/fr\/wp-json\/wp\/v2\/product\/1929"}],"collection":[{"href":"https:\/\/www.my-lixi.com\/fr\/wp-json\/wp\/v2\/product"}],"about":[{"href":"https:\/\/www.my-lixi.com\/fr\/wp-json\/wp\/v2\/types\/product"}],"replies":[{"embeddable":true,"href":"https:\/\/www.my-lixi.com\/fr\/wp-json\/wp\/v2\/comments?post=1929"}],"version-history":[{"count":1,"href":"https:\/\/www.my-lixi.com\/fr\/wp-json\/wp\/v2\/product\/1929\/revisions"}],"predecessor-version":[{"id":1931,"href":"https:\/\/www.my-lixi.com\/fr\/wp-json\/wp\/v2\/product\/1929\/revisions\/1931"}],"wp:featuredmedia":[{"embeddable":true,"href":"https:\/\/www.my-lixi.com\/fr\/wp-json\/wp\/v2\/media\/1930"}],"wp:attachment":[{"href":"https:\/\/www.my-lixi.com\/fr\/wp-json\/wp\/v2\/media?parent=1929"}],"wp:term":[{"taxonomy":"product_cat","embeddable":true,"href":"https:\/\/www.my-lixi.com\/fr\/wp-json\/wp\/v2\/product_cat?post=1929"},{"taxonomy":"product_tag","embeddable":true,"href":"https:\/\/www.my-lixi.com\/fr\/wp-json\/wp\/v2\/product_tag?post=1929"}],"curies":[{"name":"wp","href":"https:\/\/api.w.org\/{rel}","templated":true}]}}