{"id":1892,"date":"2019-07-08T11:12:04","date_gmt":"2019-07-08T09:12:04","guid":{"rendered":"http:\/\/my-lixi.com\/?post_type=product&#038;p=1892"},"modified":"2020-06-30T16:16:37","modified_gmt":"2020-06-30T14:16:37","slug":"lampe-lixi-maman-a-personnaliser","status":"publish","type":"product","link":"https:\/\/www.my-lixi.com\/fr\/product\/lampe-lixi-maman-a-personnaliser\/","title":{"rendered":"Lampe Lixi Maman \u00e0 Personnaliser"},"content":{"rendered":"<p><strong style=\"font-size: 1rem;\">Contient :<\/strong><\/p>\n<ul>\n<li>1\u00a0lampe en plexiglas. Dimensions : 16,8 x 16 cm.<\/li>\n<li>1 socle en bois \u00e9clairage et port USB int\u00e9gr\u00e9s. Dimensions : 10 x 4,9 cm. Possibilit\u00e9 d\u2019ins\u00e9rer 3 piles LR06 AA (non fournies), bouton On\/Off.<\/li>\n<li>1 c\u00e2ble en nylon avec interrupteur. Longueur de 150 cm.<\/li>\n<li>1 lingette pour nettoyer la plaque de plexiglas.<\/li>\n<\/ul>\n","protected":false},"excerpt":{"rendered":"<p>Un message pour votre maman qui restera grav\u00e9 et s&rsquo;illuminera pour votre plus grand plaisir.<\/p>\n","protected":false},"featured_media":1893,"comment_status":"open","ping_status":"closed","template":"","meta":[],"product_cat":[33],"product_tag":[],"_links":{"self":[{"href":"https:\/\/www.my-lixi.com\/fr\/wp-json\/wp\/v2\/product\/1892"}],"collection":[{"href":"https:\/\/www.my-lixi.com\/fr\/wp-json\/wp\/v2\/product"}],"about":[{"href":"https:\/\/www.my-lixi.com\/fr\/wp-json\/wp\/v2\/types\/product"}],"replies":[{"embeddable":true,"href":"https:\/\/www.my-lixi.com\/fr\/wp-json\/wp\/v2\/comments?post=1892"}],"version-history":[{"count":2,"href":"https:\/\/www.my-lixi.com\/fr\/wp-json\/wp\/v2\/product\/1892\/revisions"}],"predecessor-version":[{"id":2110,"href":"https:\/\/www.my-lixi.com\/fr\/wp-json\/wp\/v2\/product\/1892\/revisions\/2110"}],"wp:featuredmedia":[{"embeddable":true,"href":"https:\/\/www.my-lixi.com\/fr\/wp-json\/wp\/v2\/media\/1893"}],"wp:attachment":[{"href":"https:\/\/www.my-lixi.com\/fr\/wp-json\/wp\/v2\/media?parent=1892"}],"wp:term":[{"taxonomy":"product_cat","embeddable":true,"href":"https:\/\/www.my-lixi.com\/fr\/wp-json\/wp\/v2\/product_cat?post=1892"},{"taxonomy":"product_tag","embeddable":true,"href":"https:\/\/www.my-lixi.com\/fr\/wp-json\/wp\/v2\/product_tag?post=1892"}],"curies":[{"name":"wp","href":"https:\/\/api.w.org\/{rel}","templated":true}]}}