{"id":1846,"date":"2019-07-08T10:11:05","date_gmt":"2019-07-08T08:11:05","guid":{"rendered":"http:\/\/my-lixi.com\/?post_type=product&#038;p=1846"},"modified":"2019-07-08T10:11:05","modified_gmt":"2019-07-08T08:11:05","slug":"plaque-lixi-monstera","status":"publish","type":"product","link":"https:\/\/www.my-lixi.com\/fr\/product\/plaque-lixi-monstera\/","title":{"rendered":"Plaque Lixi Monstera"},"content":{"rendered":"<p><strong>Contient :\u00a0<\/strong><\/p>\n<ul>\n<li>1 plaque LIXI Monstera qui s&rsquo;adaptera parfaitement sur votre socle. Livr\u00e9e dans sa pochette.<\/li>\n<\/ul>\n","protected":false},"excerpt":{"rendered":"<p>Votre plaque Monstera ajoutera une ambiance tropicale \u00e0 votre d\u00e9coration d&rsquo;int\u00e9rieur. C&rsquo;est la touche d\u00e9co parfaite pour l&rsquo;\u00e9t\u00e9 !<\/p>\n","protected":false},"featured_media":1849,"comment_status":"open","ping_status":"closed","template":"","meta":[],"product_cat":[37,32],"product_tag":[],"_links":{"self":[{"href":"https:\/\/www.my-lixi.com\/fr\/wp-json\/wp\/v2\/product\/1846"}],"collection":[{"href":"https:\/\/www.my-lixi.com\/fr\/wp-json\/wp\/v2\/product"}],"about":[{"href":"https:\/\/www.my-lixi.com\/fr\/wp-json\/wp\/v2\/types\/product"}],"replies":[{"embeddable":true,"href":"https:\/\/www.my-lixi.com\/fr\/wp-json\/wp\/v2\/comments?post=1846"}],"version-history":[{"count":2,"href":"https:\/\/www.my-lixi.com\/fr\/wp-json\/wp\/v2\/product\/1846\/revisions"}],"predecessor-version":[{"id":1853,"href":"https:\/\/www.my-lixi.com\/fr\/wp-json\/wp\/v2\/product\/1846\/revisions\/1853"}],"wp:featuredmedia":[{"embeddable":true,"href":"https:\/\/www.my-lixi.com\/fr\/wp-json\/wp\/v2\/media\/1849"}],"wp:attachment":[{"href":"https:\/\/www.my-lixi.com\/fr\/wp-json\/wp\/v2\/media?parent=1846"}],"wp:term":[{"taxonomy":"product_cat","embeddable":true,"href":"https:\/\/www.my-lixi.com\/fr\/wp-json\/wp\/v2\/product_cat?post=1846"},{"taxonomy":"product_tag","embeddable":true,"href":"https:\/\/www.my-lixi.com\/fr\/wp-json\/wp\/v2\/product_tag?post=1846"}],"curies":[{"name":"wp","href":"https:\/\/api.w.org\/{rel}","templated":true}]}}