{"id":1502,"date":"2019-02-15T11:11:35","date_gmt":"2019-02-15T10:11:35","guid":{"rendered":"http:\/\/my-lixi.com\/?post_type=product&#038;p=1502"},"modified":"2020-06-30T16:26:38","modified_gmt":"2020-06-30T14:26:38","slug":"lampe-lixi-coeur-3d-a-personnaliser","status":"publish","type":"product","link":"https:\/\/www.my-lixi.com\/fr\/product\/lampe-lixi-coeur-3d-a-personnaliser\/","title":{"rendered":"Lampe LIXI C\u0153ur 3D \u00c0 Personnaliser"},"content":{"rendered":"<p><strong><span style=\"font-family: Arial, sans-serif;\"><span style=\"font-size: medium;\">Contenu dans la bo\u00eete :\u00a0<\/span><\/span><\/strong><\/p>\n<ul>\n<li>1\u00a0lampe en plexiglas. Dimensions : 16,8 x 16 cm.<\/li>\n<li>1 socle en bois \u00e9clairage et port USB int\u00e9gr\u00e9s. Dimensions : 10 x 4,9 cm. Possibilit\u00e9 d\u2019ins\u00e9rer 3 piles LR06 AA (non fournies), bouton On\/Off.<\/li>\n<li>1 c\u00e2ble en nylon avec interrupteur. Longueur de 150 cm.<\/li>\n<li>1 lingette pour nettoyer la plaque de plexiglas.<\/li>\n<\/ul>\n","protected":false},"excerpt":{"rendered":"<p align=\"left\"><span style=\"color: #000000;\"><span style=\"font-family: Arial, sans-serif;\"><span style=\"font-size: medium;\">D\u00e9clarez votre flamme pour un cadeau inoubliable<\/span><\/span><\/span><\/p>\n","protected":false},"featured_media":1143,"comment_status":"open","ping_status":"closed","template":"","meta":[],"product_cat":[33],"product_tag":[],"_links":{"self":[{"href":"https:\/\/www.my-lixi.com\/fr\/wp-json\/wp\/v2\/product\/1502"}],"collection":[{"href":"https:\/\/www.my-lixi.com\/fr\/wp-json\/wp\/v2\/product"}],"about":[{"href":"https:\/\/www.my-lixi.com\/fr\/wp-json\/wp\/v2\/types\/product"}],"replies":[{"embeddable":true,"href":"https:\/\/www.my-lixi.com\/fr\/wp-json\/wp\/v2\/comments?post=1502"}],"version-history":[{"count":3,"href":"https:\/\/www.my-lixi.com\/fr\/wp-json\/wp\/v2\/product\/1502\/revisions"}],"predecessor-version":[{"id":2129,"href":"https:\/\/www.my-lixi.com\/fr\/wp-json\/wp\/v2\/product\/1502\/revisions\/2129"}],"wp:featuredmedia":[{"embeddable":true,"href":"https:\/\/www.my-lixi.com\/fr\/wp-json\/wp\/v2\/media\/1143"}],"wp:attachment":[{"href":"https:\/\/www.my-lixi.com\/fr\/wp-json\/wp\/v2\/media?parent=1502"}],"wp:term":[{"taxonomy":"product_cat","embeddable":true,"href":"https:\/\/www.my-lixi.com\/fr\/wp-json\/wp\/v2\/product_cat?post=1502"},{"taxonomy":"product_tag","embeddable":true,"href":"https:\/\/www.my-lixi.com\/fr\/wp-json\/wp\/v2\/product_tag?post=1502"}],"curies":[{"name":"wp","href":"https:\/\/api.w.org\/{rel}","templated":true}]}}