{"id":1396,"date":"2019-02-14T13:39:40","date_gmt":"2019-02-14T12:39:40","guid":{"rendered":"http:\/\/my-lixi.com\/?page_id=1396"},"modified":"2020-07-20T16:06:26","modified_gmt":"2020-07-20T14:06:26","slug":"qui-sommes-nous-2","status":"publish","type":"page","link":"https:\/\/www.my-lixi.com\/fr\/qui-sommes-nous-2\/","title":{"rendered":"Qui sommes-nous ?"},"content":{"rendered":"\t\t<div data-elementor-type=\"wp-post\" data-elementor-id=\"1396\" class=\"elementor elementor-1396\" data-elementor-post-type=\"page\">\n\t\t\t\t\t\t<section class=\"elementor-section elementor-top-section elementor-element elementor-element-3fe2770c elementor-section-stretched elementor-section-full_width elementor-section-height-default elementor-section-height-default\" data-id=\"3fe2770c\" data-element_type=\"section\" data-settings=\"{&quot;stretch_section&quot;:&quot;section-stretched&quot;,&quot;background_background&quot;:&quot;classic&quot;}\">\n\t\t\t\t\t\t<div class=\"elementor-container elementor-column-gap-default\">\n\t\t\t\t\t<div class=\"elementor-column elementor-col-33 elementor-top-column elementor-element elementor-element-667789ec\" data-id=\"667789ec\" data-element_type=\"column\">\n\t\t\t<div class=\"elementor-widget-wrap\">\n\t\t\t\t\t\t\t<\/div>\n\t\t<\/div>\n\t\t\t\t<div class=\"elementor-column elementor-col-33 elementor-top-column elementor-element elementor-element-96e74a6\" data-id=\"96e74a6\" data-element_type=\"column\">\n\t\t\t<div class=\"elementor-widget-wrap elementor-element-populated\">\n\t\t\t\t\t\t<div class=\"elementor-element elementor-element-6ef5a432 elementor-widget elementor-widget-spacer\" data-id=\"6ef5a432\" data-element_type=\"widget\" data-widget_type=\"spacer.default\">\n\t\t\t\t<div class=\"elementor-widget-container\">\n\t\t\t\t\t\t\t<div class=\"elementor-spacer\">\n\t\t\t<div class=\"elementor-spacer-inner\"><\/div>\n\t\t<\/div>\n\t\t\t\t\t\t<\/div>\n\t\t\t\t<\/div>\n\t\t\t\t\t<\/div>\n\t\t<\/div>\n\t\t\t\t<div class=\"elementor-column elementor-col-33 elementor-top-column elementor-element elementor-element-5453f5fd\" data-id=\"5453f5fd\" data-element_type=\"column\">\n\t\t\t<div class=\"elementor-widget-wrap\">\n\t\t\t\t\t\t\t<\/div>\n\t\t<\/div>\n\t\t\t\t\t<\/div>\n\t\t<\/section>\n\t\t\t\t<section class=\"elementor-section elementor-top-section elementor-element elementor-element-4d82f055 elementor-section-boxed elementor-section-height-default elementor-section-height-default\" data-id=\"4d82f055\" data-element_type=\"section\">\n\t\t\t\t\t\t<div class=\"elementor-container elementor-column-gap-default\">\n\t\t\t\t\t<div class=\"elementor-column elementor-col-100 elementor-top-column elementor-element elementor-element-d3e55aa\" data-id=\"d3e55aa\" data-element_type=\"column\">\n\t\t\t<div class=\"elementor-widget-wrap elementor-element-populated\">\n\t\t\t\t\t\t<div class=\"elementor-element elementor-element-e8e4bd2 elementor-widget elementor-widget-spacer\" data-id=\"e8e4bd2\" data-element_type=\"widget\" data-widget_type=\"spacer.default\">\n\t\t\t\t<div class=\"elementor-widget-container\">\n\t\t\t\t\t\t\t<div class=\"elementor-spacer\">\n\t\t\t<div class=\"elementor-spacer-inner\"><\/div>\n\t\t<\/div>\n\t\t\t\t\t\t<\/div>\n\t\t\t\t<\/div>\n\t\t\t\t<div class=\"elementor-element elementor-element-4b652e3d elementor-widget elementor-widget-heading\" data-id=\"4b652e3d\" data-element_type=\"widget\" data-widget_type=\"heading.default\">\n\t\t\t\t<div class=\"elementor-widget-container\">\n\t\t\t\t\t<h2 class=\"elementor-heading-title elementor-size-default\">Pour la petite histoire<\/h2>\t\t\t\t<\/div>\n\t\t\t\t<\/div>\n\t\t\t\t<div class=\"elementor-element elementor-element-7c110d89 elementor-widget elementor-widget-text-editor\" data-id=\"7c110d89\" data-element_type=\"widget\" data-widget_type=\"text-editor.default\">\n\t\t\t\t<div class=\"elementor-widget-container\">\n\t\t\t\t\t\t\t\t\t<p>La marque LIXI est n\u00e9e d&rsquo;une lumineuse id\u00e9e d&rsquo;une jeune entreprise fran\u00e7aise, st\u00e9phanoise pour \u00eatre pr\u00e9cis.&nbsp;<span style=\"font-size: 1rem;\">Partis d&rsquo;un des objets les plus simples et courant de notre quotidien, nous avons choisi d&rsquo;en faire une d\u00e9coration rare et pr\u00e9cieuse, une sculpture d\u00e9licate et fa\u00e7onn\u00e9e selon vos envies.<\/span><\/p>\n<p>Une \u00e9quipe de passionn\u00e9s, concepteurs r\u00e9dacteurs, graphistes et designeurs, qui travaille au quotidien au d\u00e9veloppement de cette gamme de produits orignaux. En innovation constante, les nouveaut\u00e9s ne cessent d&rsquo;arriver, au rythme de vos d\u00e9sirs et de nos id\u00e9es.&nbsp;<\/p>\n<p>La marque LIXI est un terrain de jeu formidable qui laisse place \u00e0 la cr\u00e9ation et \u00e0 l&rsquo;innovation. Tout est possible et tout est imaginable. A partir d&rsquo;une simple plaque de plexiglas, nous venons sculpter le design de notre choix qui viendra s&rsquo;illuminer \u00e0 la tomb\u00e9e de la nuit.&nbsp;<\/p>\n<p>Un produit pens\u00e9, design\u00e9 et grav\u00e9 en France qui permet de s&rsquo;adapter \u00e0 toutes les th\u00e9matiques. La gamme LIXI est compos\u00e9e de produits d\u00e9j\u00e0 pr\u00eats \u00e0 la vente, de mod\u00e8les personnalisables en ajoutant un pr\u00e9nom, une date, une phrase et de lampes 100% personnalisables qui viennent \u00e9pouser la forme de votre choix (comme un logo d&rsquo;entreprise par exemple).&nbsp;<\/p>\n<p><span style=\"font-size: 1rem;\">&nbsp;LIXI collabore r\u00e9guli\u00e8rement avec des designeurs et graphistes pour lancer des \u00e9ditions sp\u00e9ciales qui viendront illuminer vos int\u00e9rieurs avec \u00e9l\u00e9gance.&nbsp;<\/span><\/p>\n<p><\/p>\t\t\t\t\t\t\t\t<\/div>\n\t\t\t\t<\/div>\n\t\t\t\t<div class=\"elementor-element elementor-element-773c2bcd elementor-widget elementor-widget-heading\" data-id=\"773c2bcd\" data-element_type=\"widget\" data-widget_type=\"heading.default\">\n\t\t\t\t<div class=\"elementor-widget-container\">\n\t\t\t\t\t<h2 class=\"elementor-heading-title elementor-size-default\">La gamme LIXI<\/h2>\t\t\t\t<\/div>\n\t\t\t\t<\/div>\n\t\t\t\t\t<\/div>\n\t\t<\/div>\n\t\t\t\t\t<\/div>\n\t\t<\/section>\n\t\t\t\t<section class=\"elementor-section elementor-top-section elementor-element elementor-element-76dc5386 elementor-section-boxed elementor-section-height-default elementor-section-height-default\" data-id=\"76dc5386\" data-element_type=\"section\">\n\t\t\t\t\t\t<div class=\"elementor-container elementor-column-gap-default\">\n\t\t\t\t\t<div class=\"elementor-column elementor-col-25 elementor-top-column elementor-element elementor-element-14d2d690\" data-id=\"14d2d690\" data-element_type=\"column\">\n\t\t\t<div class=\"elementor-widget-wrap elementor-element-populated\">\n\t\t\t\t\t\t<div class=\"elementor-element elementor-element-65d8b05a elementor-widget elementor-widget-image\" data-id=\"65d8b05a\" data-element_type=\"widget\" data-widget_type=\"image.default\">\n\t\t\t\t<div class=\"elementor-widget-container\">\n\t\t\t\t\t\t\t\t\t\t\t\t\t\t\t<img fetchpriority=\"high\" decoding=\"async\" width=\"525\" height=\"525\" src=\"https:\/\/www.my-lixi.com\/wp-content\/uploads\/2019\/02\/lampe-lixi-flamingo.jpg\" class=\"attachment-large size-large wp-image-1148\" alt=\"\" srcset=\"https:\/\/www.my-lixi.com\/wp-content\/uploads\/2019\/02\/lampe-lixi-flamingo.jpg 1000w, https:\/\/www.my-lixi.com\/wp-content\/uploads\/2019\/02\/lampe-lixi-flamingo-250x250.jpg 250w, https:\/\/www.my-lixi.com\/wp-content\/uploads\/2019\/02\/lampe-lixi-flamingo-100x100.jpg 100w, https:\/\/www.my-lixi.com\/wp-content\/uploads\/2019\/02\/lampe-lixi-flamingo-350x350.jpg 350w, https:\/\/www.my-lixi.com\/wp-content\/uploads\/2019\/02\/lampe-lixi-flamingo-150x150.jpg 150w, https:\/\/www.my-lixi.com\/wp-content\/uploads\/2019\/02\/lampe-lixi-flamingo-300x300.jpg 300w, https:\/\/www.my-lixi.com\/wp-content\/uploads\/2019\/02\/lampe-lixi-flamingo-768x768.jpg 768w\" sizes=\"100vw\" \/>\t\t\t\t\t\t\t\t\t\t\t\t\t\t\t<\/div>\n\t\t\t\t<\/div>\n\t\t\t\t<div class=\"elementor-element elementor-element-9fa651c elementor-align-center elementor-widget elementor-widget-global elementor-global-1634 elementor-widget-button\" data-id=\"9fa651c\" data-element_type=\"widget\" data-widget_type=\"button.default\">\n\t\t\t\t<div class=\"elementor-widget-container\">\n\t\t\t\t\t\t\t\t\t<div class=\"elementor-button-wrapper\">\n\t\t\t\t\t<a class=\"elementor-button elementor-button-link elementor-size-sm\" href=\"http:\/\/www.my-lixi.com\/categorie-modeles-classiques\">\n\t\t\t\t\t\t<span class=\"elementor-button-content-wrapper\">\n\t\t\t\t\t\t\t\t\t<span class=\"elementor-button-text\">Mod\u00e8les classiques<\/span>\n\t\t\t\t\t<\/span>\n\t\t\t\t\t<\/a>\n\t\t\t\t<\/div>\n\t\t\t\t\t\t\t\t<\/div>\n\t\t\t\t<\/div>\n\t\t\t\t\t<\/div>\n\t\t<\/div>\n\t\t\t\t<div class=\"elementor-column elementor-col-25 elementor-top-column elementor-element elementor-element-251ef44e\" data-id=\"251ef44e\" data-element_type=\"column\">\n\t\t\t<div class=\"elementor-widget-wrap elementor-element-populated\">\n\t\t\t\t\t\t<div class=\"elementor-element elementor-element-4aa0251a elementor-widget elementor-widget-image\" data-id=\"4aa0251a\" data-element_type=\"widget\" data-widget_type=\"image.default\">\n\t\t\t\t<div class=\"elementor-widget-container\">\n\t\t\t\t\t\t\t\t\t\t\t\t\t\t\t<img decoding=\"async\" width=\"525\" height=\"525\" src=\"https:\/\/www.my-lixi.com\/wp-content\/uploads\/2019\/02\/lampe-lixi-prenom-personnalisable.jpg\" class=\"attachment-large size-large wp-image-1135\" alt=\"\" srcset=\"https:\/\/www.my-lixi.com\/wp-content\/uploads\/2019\/02\/lampe-lixi-prenom-personnalisable.jpg 1000w, https:\/\/www.my-lixi.com\/wp-content\/uploads\/2019\/02\/lampe-lixi-prenom-personnalisable-250x250.jpg 250w, https:\/\/www.my-lixi.com\/wp-content\/uploads\/2019\/02\/lampe-lixi-prenom-personnalisable-100x100.jpg 100w, https:\/\/www.my-lixi.com\/wp-content\/uploads\/2019\/02\/lampe-lixi-prenom-personnalisable-350x350.jpg 350w, https:\/\/www.my-lixi.com\/wp-content\/uploads\/2019\/02\/lampe-lixi-prenom-personnalisable-150x150.jpg 150w, https:\/\/www.my-lixi.com\/wp-content\/uploads\/2019\/02\/lampe-lixi-prenom-personnalisable-300x300.jpg 300w, https:\/\/www.my-lixi.com\/wp-content\/uploads\/2019\/02\/lampe-lixi-prenom-personnalisable-768x768.jpg 768w\" sizes=\"100vw\" \/>\t\t\t\t\t\t\t\t\t\t\t\t\t\t\t<\/div>\n\t\t\t\t<\/div>\n\t\t\t\t<div class=\"elementor-element elementor-element-1686226 elementor-align-center elementor-widget elementor-widget-global elementor-global-1637 elementor-widget-button\" data-id=\"1686226\" data-element_type=\"widget\" data-widget_type=\"button.default\">\n\t\t\t\t<div class=\"elementor-widget-container\">\n\t\t\t\t\t\t\t\t\t<div class=\"elementor-button-wrapper\">\n\t\t\t\t\t<a class=\"elementor-button elementor-button-link elementor-size-sm\" href=\"http:\/\/www.my-lixi.com\/categorie-modeles-personnalisables\">\n\t\t\t\t\t\t<span class=\"elementor-button-content-wrapper\">\n\t\t\t\t\t\t\t\t\t<span class=\"elementor-button-text\">Mod\u00e8les personnalisables<\/span>\n\t\t\t\t\t<\/span>\n\t\t\t\t\t<\/a>\n\t\t\t\t<\/div>\n\t\t\t\t\t\t\t\t<\/div>\n\t\t\t\t<\/div>\n\t\t\t\t\t<\/div>\n\t\t<\/div>\n\t\t\t\t<div class=\"elementor-column elementor-col-25 elementor-top-column elementor-element elementor-element-567a96f5\" data-id=\"567a96f5\" data-element_type=\"column\">\n\t\t\t<div class=\"elementor-widget-wrap elementor-element-populated\">\n\t\t\t\t\t\t<div class=\"elementor-element elementor-element-5787c47 elementor-widget elementor-widget-image\" data-id=\"5787c47\" data-element_type=\"widget\" data-widget_type=\"image.default\">\n\t\t\t\t<div class=\"elementor-widget-container\">\n\t\t\t\t\t\t\t\t\t\t\t\t\t\t\t<img decoding=\"async\" width=\"525\" height=\"525\" src=\"https:\/\/www.my-lixi.com\/wp-content\/uploads\/2019\/02\/lampe-sainte.jpg\" class=\"attachment-large size-large wp-image-1140\" alt=\"\" srcset=\"https:\/\/www.my-lixi.com\/wp-content\/uploads\/2019\/02\/lampe-sainte.jpg 1000w, https:\/\/www.my-lixi.com\/wp-content\/uploads\/2019\/02\/lampe-sainte-250x250.jpg 250w, https:\/\/www.my-lixi.com\/wp-content\/uploads\/2019\/02\/lampe-sainte-100x100.jpg 100w, https:\/\/www.my-lixi.com\/wp-content\/uploads\/2019\/02\/lampe-sainte-350x350.jpg 350w, https:\/\/www.my-lixi.com\/wp-content\/uploads\/2019\/02\/lampe-sainte-150x150.jpg 150w, https:\/\/www.my-lixi.com\/wp-content\/uploads\/2019\/02\/lampe-sainte-300x300.jpg 300w, https:\/\/www.my-lixi.com\/wp-content\/uploads\/2019\/02\/lampe-sainte-768x768.jpg 768w\" sizes=\"100vw\" \/>\t\t\t\t\t\t\t\t\t\t\t\t\t\t\t<\/div>\n\t\t\t\t<\/div>\n\t\t\t\t<div class=\"elementor-element elementor-element-f8be96e elementor-align-center elementor-widget elementor-widget-global elementor-global-1640 elementor-widget-button\" data-id=\"f8be96e\" data-element_type=\"widget\" data-widget_type=\"button.default\">\n\t\t\t\t<div class=\"elementor-widget-container\">\n\t\t\t\t\t\t\t\t\t<div class=\"elementor-button-wrapper\">\n\t\t\t\t\t<a class=\"elementor-button elementor-button-link elementor-size-sm\" href=\"http:\/\/www.my-lixi.com\/categorie-editions-speciales\">\n\t\t\t\t\t\t<span class=\"elementor-button-content-wrapper\">\n\t\t\t\t\t\t\t\t\t<span class=\"elementor-button-text\">Editions sp\u00e9ciales<\/span>\n\t\t\t\t\t<\/span>\n\t\t\t\t\t<\/a>\n\t\t\t\t<\/div>\n\t\t\t\t\t\t\t\t<\/div>\n\t\t\t\t<\/div>\n\t\t\t\t<div class=\"elementor-element elementor-element-7d854132 elementor-widget elementor-widget-spacer\" data-id=\"7d854132\" data-element_type=\"widget\" data-widget_type=\"spacer.default\">\n\t\t\t\t<div class=\"elementor-widget-container\">\n\t\t\t\t\t\t\t<div class=\"elementor-spacer\">\n\t\t\t<div class=\"elementor-spacer-inner\"><\/div>\n\t\t<\/div>\n\t\t\t\t\t\t<\/div>\n\t\t\t\t<\/div>\n\t\t\t\t\t<\/div>\n\t\t<\/div>\n\t\t\t\t<div class=\"elementor-column elementor-col-25 elementor-top-column elementor-element elementor-element-48efd1a6\" data-id=\"48efd1a6\" data-element_type=\"column\">\n\t\t\t<div class=\"elementor-widget-wrap elementor-element-populated\">\n\t\t\t\t\t\t<div class=\"elementor-element elementor-element-1064c999 elementor-widget elementor-widget-image\" data-id=\"1064c999\" data-element_type=\"widget\" data-widget_type=\"image.default\">\n\t\t\t\t<div class=\"elementor-widget-container\">\n\t\t\t\t\t\t\t\t\t\t\t\t\t\t\t<img loading=\"lazy\" decoding=\"async\" width=\"525\" height=\"525\" src=\"https:\/\/www.my-lixi.com\/wp-content\/uploads\/2017\/07\/P1111987-1024x1024.jpg\" class=\"attachment-large size-large wp-image-1192\" alt=\"\" srcset=\"https:\/\/www.my-lixi.com\/wp-content\/uploads\/2017\/07\/P1111987-1024x1024.jpg 1024w, https:\/\/www.my-lixi.com\/wp-content\/uploads\/2017\/07\/P1111987-250x250.jpg 250w, https:\/\/www.my-lixi.com\/wp-content\/uploads\/2017\/07\/P1111987-100x100.jpg 100w, https:\/\/www.my-lixi.com\/wp-content\/uploads\/2017\/07\/P1111987-350x350.jpg 350w, https:\/\/www.my-lixi.com\/wp-content\/uploads\/2017\/07\/P1111987-150x150.jpg 150w, https:\/\/www.my-lixi.com\/wp-content\/uploads\/2017\/07\/P1111987-300x300.jpg 300w, https:\/\/www.my-lixi.com\/wp-content\/uploads\/2017\/07\/P1111987-768x768.jpg 768w\" sizes=\"100vw\" \/>\t\t\t\t\t\t\t\t\t\t\t\t\t\t\t<\/div>\n\t\t\t\t<\/div>\n\t\t\t\t<div class=\"elementor-element elementor-element-d827f46 elementor-align-center elementor-widget elementor-widget-global elementor-global-1643 elementor-widget-button\" data-id=\"d827f46\" data-element_type=\"widget\" data-widget_type=\"button.default\">\n\t\t\t\t<div class=\"elementor-widget-container\">\n\t\t\t\t\t\t\t\t\t<div class=\"elementor-button-wrapper\">\n\t\t\t\t\t<a class=\"elementor-button elementor-button-link elementor-size-sm\" href=\"http:\/\/www.my-lixi.com\/personnalisez-votre-lixi\/\">\n\t\t\t\t\t\t<span class=\"elementor-button-content-wrapper\">\n\t\t\t\t\t\t\t\t\t<span class=\"elementor-button-text\">Cr\u00e9ez votre LIXI !<\/span>\n\t\t\t\t\t<\/span>\n\t\t\t\t\t<\/a>\n\t\t\t\t<\/div>\n\t\t\t\t\t\t\t\t<\/div>\n\t\t\t\t<\/div>\n\t\t\t\t\t<\/div>\n\t\t<\/div>\n\t\t\t\t\t<\/div>\n\t\t<\/section>\n\t\t\t\t<\/div>\n\t\t","protected":false},"excerpt":{"rendered":"<p>Pour la petite histoire La marque LIXI est n\u00e9e d&rsquo;une lumineuse id\u00e9e d&rsquo;une jeune entreprise fran\u00e7aise, st\u00e9phanoise pour \u00eatre pr\u00e9cis.&nbsp;Partis d&rsquo;un des objets les plus simples et courant de notre quotidien, nous avons choisi d&rsquo;en faire une d\u00e9coration rare et pr\u00e9cieuse, une sculpture d\u00e9licate et fa\u00e7onn\u00e9e selon vos envies. Une \u00e9quipe de passionn\u00e9s, concepteurs r\u00e9dacteurs, &hellip; <\/p>\n<p class=\"link-more\"><a href=\"https:\/\/www.my-lixi.com\/fr\/qui-sommes-nous-2\/\" class=\"more-link\">Continuer la lecture<span class=\"screen-reader-text\"> de &laquo;&nbsp;Qui sommes-nous ?&nbsp;&raquo;<\/span><\/a><\/p>\n","protected":false},"author":3,"featured_media":0,"parent":0,"menu_order":0,"comment_status":"closed","ping_status":"closed","template":"elementor_header_footer","meta":{"footnotes":""},"_links":{"self":[{"href":"https:\/\/www.my-lixi.com\/fr\/wp-json\/wp\/v2\/pages\/1396"}],"collection":[{"href":"https:\/\/www.my-lixi.com\/fr\/wp-json\/wp\/v2\/pages"}],"about":[{"href":"https:\/\/www.my-lixi.com\/fr\/wp-json\/wp\/v2\/types\/page"}],"author":[{"embeddable":true,"href":"https:\/\/www.my-lixi.com\/fr\/wp-json\/wp\/v2\/users\/3"}],"replies":[{"embeddable":true,"href":"https:\/\/www.my-lixi.com\/fr\/wp-json\/wp\/v2\/comments?post=1396"}],"version-history":[{"count":9,"href":"https:\/\/www.my-lixi.com\/fr\/wp-json\/wp\/v2\/pages\/1396\/revisions"}],"predecessor-version":[{"id":2145,"href":"https:\/\/www.my-lixi.com\/fr\/wp-json\/wp\/v2\/pages\/1396\/revisions\/2145"}],"wp:attachment":[{"href":"https:\/\/www.my-lixi.com\/fr\/wp-json\/wp\/v2\/media?parent=1396"}],"curies":[{"name":"wp","href":"https:\/\/api.w.org\/{rel}","templated":true}]}}