{"id":10,"date":"2017-07-17T15:00:16","date_gmt":"2017-07-17T13:00:16","guid":{"rendered":"http:\/\/localhost\/wordpress\/?page_id=10"},"modified":"2020-08-07T10:55:06","modified_gmt":"2020-08-07T08:55:06","slug":"index","status":"publish","type":"page","link":"https:\/\/www.my-lixi.com\/fr\/","title":{"rendered":"Lixi"},"content":{"rendered":"\t\t<div data-elementor-type=\"wp-post\" data-elementor-id=\"10\" class=\"elementor elementor-10\" data-elementor-post-type=\"page\">\n\t\t\t\t\t\t<section class=\"elementor-section elementor-top-section elementor-element elementor-element-v8bm5fs elementor-section-stretched elementor-section-full_width elementor-section-height-default elementor-section-height-default\" data-id=\"v8bm5fs\" data-element_type=\"section\" data-settings=\"{&quot;stretch_section&quot;:&quot;section-stretched&quot;}\">\n\t\t\t\t\t\t<div class=\"elementor-container elementor-column-gap-default\">\n\t\t\t\t\t<div class=\"elementor-column elementor-col-100 elementor-top-column elementor-element elementor-element-m2ej0b1\" data-id=\"m2ej0b1\" data-element_type=\"column\">\n\t\t\t<div class=\"elementor-widget-wrap elementor-element-populated\">\n\t\t\t\t\t\t<div class=\"elementor-element elementor-element-trbokn9 elementor-hidden-phone elementor-widget elementor-widget-image\" data-id=\"trbokn9\" data-element_type=\"widget\" data-widget_type=\"image.default\">\n\t\t\t\t<div class=\"elementor-widget-container\">\n\t\t\t\t\t\t\t\t\t\t\t\t\t\t\t<img fetchpriority=\"high\" decoding=\"async\" width=\"1920\" height=\"185\" src=\"https:\/\/www.my-lixi.com\/wp-content\/uploads\/2017\/07\/barre-de-separation-brush.png\" class=\"attachment-full size-full wp-image-107\" alt=\"\" srcset=\"https:\/\/www.my-lixi.com\/wp-content\/uploads\/2017\/07\/barre-de-separation-brush.png 1920w, https:\/\/www.my-lixi.com\/wp-content\/uploads\/2017\/07\/barre-de-separation-brush-350x34.png 350w, https:\/\/www.my-lixi.com\/wp-content\/uploads\/2017\/07\/barre-de-separation-brush-300x29.png 300w, https:\/\/www.my-lixi.com\/wp-content\/uploads\/2017\/07\/barre-de-separation-brush-768x74.png 768w, https:\/\/www.my-lixi.com\/wp-content\/uploads\/2017\/07\/barre-de-separation-brush-1024x99.png 1024w\" sizes=\"100vw\" \/>\t\t\t\t\t\t\t\t\t\t\t\t\t\t\t<\/div>\n\t\t\t\t<\/div>\n\t\t\t\t<div class=\"elementor-element elementor-element-gh0a2dj elementor-widget elementor-widget-spacer\" data-id=\"gh0a2dj\" data-element_type=\"widget\" data-widget_type=\"spacer.default\">\n\t\t\t\t<div class=\"elementor-widget-container\">\n\t\t\t\t\t\t\t<div class=\"elementor-spacer\">\n\t\t\t<div class=\"elementor-spacer-inner\"><\/div>\n\t\t<\/div>\n\t\t\t\t\t\t<\/div>\n\t\t\t\t<\/div>\n\t\t\t\t\t<\/div>\n\t\t<\/div>\n\t\t\t\t\t<\/div>\n\t\t<\/section>\n\t\t\t\t<section class=\"elementor-section elementor-top-section elementor-element elementor-element-ftn69wn elementor-section-stretched elementor-section-full_width elementor-section-height-default elementor-section-height-default\" data-id=\"ftn69wn\" data-element_type=\"section\" data-settings=\"{&quot;background_background&quot;:&quot;classic&quot;,&quot;stretch_section&quot;:&quot;section-stretched&quot;}\">\n\t\t\t\t\t\t<div class=\"elementor-container elementor-column-gap-default\">\n\t\t\t\t\t<div class=\"elementor-column elementor-col-50 elementor-top-column elementor-element elementor-element-85ejyqi\" data-id=\"85ejyqi\" data-element_type=\"column\" data-settings=\"{&quot;background_background&quot;:&quot;classic&quot;}\">\n\t\t\t<div class=\"elementor-widget-wrap elementor-element-populated\">\n\t\t\t\t\t\t<div class=\"elementor-element elementor-element-1ss74vu elementor-widget elementor-widget-image\" data-id=\"1ss74vu\" data-element_type=\"widget\" data-widget_type=\"image.default\">\n\t\t\t\t<div class=\"elementor-widget-container\">\n\t\t\t\t\t\t\t\t\t\t\t\t\t\t\t\t<a href=\"http:\/\/www.my-lixi.com\/shop\">\n\t\t\t\t\t\t\t<img decoding=\"async\" width=\"1000\" height=\"1000\" src=\"https:\/\/www.my-lixi.com\/wp-content\/uploads\/2019\/02\/lampe-lixi-enjoy-your-day.jpg\" class=\"attachment-full size-full wp-image-1123\" alt=\"Lampe Lixi - Enjoy your day\" srcset=\"https:\/\/www.my-lixi.com\/wp-content\/uploads\/2019\/02\/lampe-lixi-enjoy-your-day.jpg 1000w, https:\/\/www.my-lixi.com\/wp-content\/uploads\/2019\/02\/lampe-lixi-enjoy-your-day-250x250.jpg 250w, https:\/\/www.my-lixi.com\/wp-content\/uploads\/2019\/02\/lampe-lixi-enjoy-your-day-100x100.jpg 100w, https:\/\/www.my-lixi.com\/wp-content\/uploads\/2019\/02\/lampe-lixi-enjoy-your-day-350x350.jpg 350w, https:\/\/www.my-lixi.com\/wp-content\/uploads\/2019\/02\/lampe-lixi-enjoy-your-day-150x150.jpg 150w, https:\/\/www.my-lixi.com\/wp-content\/uploads\/2019\/02\/lampe-lixi-enjoy-your-day-300x300.jpg 300w, https:\/\/www.my-lixi.com\/wp-content\/uploads\/2019\/02\/lampe-lixi-enjoy-your-day-768x768.jpg 768w\" sizes=\"100vw\" \/>\t\t\t\t\t\t\t\t<\/a>\n\t\t\t\t\t\t\t\t\t\t\t\t\t\t\t<\/div>\n\t\t\t\t<\/div>\n\t\t\t\t<div class=\"elementor-element elementor-element-lag73g2 elementor-widget elementor-widget-heading\" data-id=\"lag73g2\" data-element_type=\"widget\" data-widget_type=\"heading.default\">\n\t\t\t\t<div class=\"elementor-widget-container\">\n\t\t\t\t\t<h2 class=\"elementor-heading-title elementor-size-default\">Lixi Classique<\/h2>\t\t\t\t<\/div>\n\t\t\t\t<\/div>\n\t\t\t\t<div class=\"elementor-element elementor-element-u8a1fjw elementor-widget elementor-widget-text-editor\" data-id=\"u8a1fjw\" data-element_type=\"widget\" data-widget_type=\"text-editor.default\">\n\t\t\t\t<div class=\"elementor-widget-container\">\n\t\t\t\t\t\t\t\t\t<p>Futuriste et chic, la lampe Lixi est un v\u00e9ritable cam\u00e9l\u00e9on. Discr\u00e8te et \u00e9l\u00e9gante le jour, elle se transforme en sculpture artistique la nuit, gr\u00e2ce \u00e0 un socle lumineux. Choisissez votre forme, et disposez-la sur son socle en h\u00eatre massif. Vous pourrez ainsi d\u00e9corer votre salon, \u00e9clairer votre cuisine et \u00e9pater vos invit\u00e9s avec cet accessoire \u00e0 la fois sobre et imposant par son style unique. Dans son format classique, la lampe Lixi saura se fondre dans tous les int\u00e9rieurs pour y apporter une note d&rsquo;originalit\u00e9 et de lumi\u00e8re. Le socle, discret, \u00e9l\u00e9gant et lumineux, viendra \u00e9clairer la sculpture, ainsi, chaque ligne sera mise en valeur et ressortira de mani\u00e8re puissante dans la p\u00e9nombre.<\/p>\t\t\t\t\t\t\t\t<\/div>\n\t\t\t\t<\/div>\n\t\t\t\t\t<\/div>\n\t\t<\/div>\n\t\t\t\t<div class=\"elementor-column elementor-col-50 elementor-top-column elementor-element elementor-element-uk3vlfu\" data-id=\"uk3vlfu\" data-element_type=\"column\" data-settings=\"{&quot;background_background&quot;:&quot;classic&quot;}\">\n\t\t\t<div class=\"elementor-widget-wrap elementor-element-populated\">\n\t\t\t\t\t\t<div class=\"elementor-element elementor-element-qxlymfa elementor-widget elementor-widget-image\" data-id=\"qxlymfa\" data-element_type=\"widget\" data-widget_type=\"image.default\">\n\t\t\t\t<div class=\"elementor-widget-container\">\n\t\t\t\t\t\t\t\t\t\t\t\t\t\t\t\t<a href=\"http:\/\/www.my-lixi.com\/shop\">\n\t\t\t\t\t\t\t<img decoding=\"async\" width=\"1000\" height=\"1000\" src=\"https:\/\/www.my-lixi.com\/wp-content\/uploads\/2019\/02\/lampe-lixi-anniversaire-personnalisable.jpg\" class=\"attachment-full size-full wp-image-1124\" alt=\"Lampe Lixi - Anniversaire personnalisable\" srcset=\"https:\/\/www.my-lixi.com\/wp-content\/uploads\/2019\/02\/lampe-lixi-anniversaire-personnalisable.jpg 1000w, https:\/\/www.my-lixi.com\/wp-content\/uploads\/2019\/02\/lampe-lixi-anniversaire-personnalisable-250x250.jpg 250w, https:\/\/www.my-lixi.com\/wp-content\/uploads\/2019\/02\/lampe-lixi-anniversaire-personnalisable-100x100.jpg 100w, https:\/\/www.my-lixi.com\/wp-content\/uploads\/2019\/02\/lampe-lixi-anniversaire-personnalisable-350x350.jpg 350w, https:\/\/www.my-lixi.com\/wp-content\/uploads\/2019\/02\/lampe-lixi-anniversaire-personnalisable-150x150.jpg 150w, https:\/\/www.my-lixi.com\/wp-content\/uploads\/2019\/02\/lampe-lixi-anniversaire-personnalisable-300x300.jpg 300w, https:\/\/www.my-lixi.com\/wp-content\/uploads\/2019\/02\/lampe-lixi-anniversaire-personnalisable-768x768.jpg 768w\" sizes=\"100vw\" \/>\t\t\t\t\t\t\t\t<\/a>\n\t\t\t\t\t\t\t\t\t\t\t\t\t\t\t<\/div>\n\t\t\t\t<\/div>\n\t\t\t\t<div class=\"elementor-element elementor-element-76backc elementor-widget elementor-widget-heading\" data-id=\"76backc\" data-element_type=\"widget\" data-widget_type=\"heading.default\">\n\t\t\t\t<div class=\"elementor-widget-container\">\n\t\t\t\t\t<h2 class=\"elementor-heading-title elementor-size-default\">Lixi Personnalisable<\/h2>\t\t\t\t<\/div>\n\t\t\t\t<\/div>\n\t\t\t\t<div class=\"elementor-element elementor-element-e7hoj28 elementor-widget elementor-widget-text-editor\" data-id=\"e7hoj28\" data-element_type=\"widget\" data-widget_type=\"text-editor.default\">\n\t\t\t\t<div class=\"elementor-widget-container\">\n\t\t\t\t\t\t\t\t\t<p>\u00c9l\u00e9gante, discr\u00e8te mais surtout unique, la lampe Lixi personnalisable est un accessoire chaleureux et tr\u00e8s personnel. Des leds puissantes viendront \u00e9clairer votre sculpture, d\u00e9licatement grav\u00e9e d&rsquo;un pr\u00e9nom ou d&rsquo;une phrase, d&rsquo;un petit clin d\u2019\u0153il fait \u00e0 un ami ou d&rsquo;une d\u00e9claration unique, qui m\u00e9rite d&rsquo;\u00eatre mise en lumi\u00e8re. Ainsi, chaque ligne, chaque relief, chaque \u00e9motion de votre message sera d\u00e9licatement mis en valeur, soulign\u00e9 par un \u00e9clairage blanc et puissant. Cette lampe sublimera un salon, une chambre ou un bureau et deviendra la pi\u00e8ce d\u00e9corative centrale de votre int\u00e9rieur.<\/p>\t\t\t\t\t\t\t\t<\/div>\n\t\t\t\t<\/div>\n\t\t\t\t\t<\/div>\n\t\t<\/div>\n\t\t\t\t\t<\/div>\n\t\t<\/section>\n\t\t\t\t<section class=\"elementor-section elementor-top-section elementor-element elementor-element-yovbek3 elementor-section-stretched elementor-section-full_width elementor-section-content-middle elementor-section-height-default elementor-section-height-default\" data-id=\"yovbek3\" data-element_type=\"section\" data-settings=\"{&quot;stretch_section&quot;:&quot;section-stretched&quot;,&quot;background_background&quot;:&quot;classic&quot;}\">\n\t\t\t\t\t\t<div class=\"elementor-container elementor-column-gap-default\">\n\t\t\t\t\t<div class=\"elementor-column elementor-col-50 elementor-top-column elementor-element elementor-element-rizek2q\" data-id=\"rizek2q\" data-element_type=\"column\" data-settings=\"{&quot;background_background&quot;:&quot;classic&quot;}\">\n\t\t\t<div class=\"elementor-widget-wrap elementor-element-populated\">\n\t\t\t\t\t\t<div class=\"elementor-element elementor-element-sj55svj elementor-view-default elementor-widget elementor-widget-icon\" data-id=\"sj55svj\" data-element_type=\"widget\" data-widget_type=\"icon.default\">\n\t\t\t\t<div class=\"elementor-widget-container\">\n\t\t\t\t\t\t\t<div class=\"elementor-icon-wrapper\">\n\t\t\t<div class=\"elementor-icon\">\n\t\t\t\t\t\t\t<i class=\"fa fa-diamond\" aria-hidden=\"true\"><\/i>\n\t\t\t\t\t\t<\/div>\n\t\t<\/div>\n\t\t\t\t\t\t<\/div>\n\t\t\t\t<\/div>\n\t\t\t\t<div class=\"elementor-element elementor-element-e4ufuwl elementor-widget elementor-widget-heading\" data-id=\"e4ufuwl\" data-element_type=\"widget\" data-widget_type=\"heading.default\">\n\t\t\t\t<div class=\"elementor-widget-container\">\n\t\t\t\t\t<h2 class=\"elementor-heading-title elementor-size-default\">La touche Lixi !<\/h2>\t\t\t\t<\/div>\n\t\t\t\t<\/div>\n\t\t\t\t\t<\/div>\n\t\t<\/div>\n\t\t\t\t<div class=\"elementor-column elementor-col-50 elementor-top-column elementor-element elementor-element-kyfugla\" data-id=\"kyfugla\" data-element_type=\"column\">\n\t\t\t<div class=\"elementor-widget-wrap elementor-element-populated\">\n\t\t\t\t\t\t<div class=\"elementor-element elementor-element-3040da9 elementor-widget elementor-widget-spacer\" data-id=\"3040da9\" data-element_type=\"widget\" data-widget_type=\"spacer.default\">\n\t\t\t\t<div class=\"elementor-widget-container\">\n\t\t\t\t\t\t\t<div class=\"elementor-spacer\">\n\t\t\t<div class=\"elementor-spacer-inner\"><\/div>\n\t\t<\/div>\n\t\t\t\t\t\t<\/div>\n\t\t\t\t<\/div>\n\t\t\t\t<div class=\"elementor-element elementor-element-8g355su elementor-widget elementor-widget-text-editor\" data-id=\"8g355su\" data-element_type=\"widget\" data-widget_type=\"text-editor.default\">\n\t\t\t\t<div class=\"elementor-widget-container\">\n\t\t\t\t\t\t\t\t\t<p>Unique, interchangeable et personnalisable par ses nombreuses combinaisons possibles, la lampe Lixi a su s&rsquo;imposer comme v\u00e9ritable objet d\u00e9co, apportant \u00e0 la fois lumi\u00e8re et style \u00e0 votre int\u00e9rieur. Sa gamme de sculptures design, \u00e9l\u00e9gantes, originales, romantiques ou encore majestueuses ne cesse de se renouveler pour satisfaire toutes vos envies.<\/p><ul><li><strong>Design Made In France<\/strong><\/li><li><strong>Deux gammes de lampes : Classique et Personnalisable<\/strong><\/li><li><strong>Des designs pour diff\u00e9rentes occasions et styles<\/strong><\/li><li><strong>Changez la sculpture selon votre humeur<\/strong><\/li><\/ul>\t\t\t\t\t\t\t\t<\/div>\n\t\t\t\t<\/div>\n\t\t\t\t\t<\/div>\n\t\t<\/div>\n\t\t\t\t\t<\/div>\n\t\t<\/section>\n\t\t\t\t<section class=\"elementor-section elementor-top-section elementor-element elementor-element-puyug1d elementor-section-stretched elementor-section-full_width elementor-section-height-default elementor-section-height-default\" data-id=\"puyug1d\" data-element_type=\"section\" data-settings=\"{&quot;stretch_section&quot;:&quot;section-stretched&quot;}\">\n\t\t\t\t\t\t<div class=\"elementor-container elementor-column-gap-default\">\n\t\t\t\t\t<div class=\"elementor-column elementor-col-100 elementor-top-column elementor-element elementor-element-f2fmmyw\" data-id=\"f2fmmyw\" data-element_type=\"column\">\n\t\t\t<div class=\"elementor-widget-wrap elementor-element-populated\">\n\t\t\t\t\t\t<div class=\"elementor-element elementor-element-ybyguc7 elementor-hidden-phone elementor-widget elementor-widget-image\" data-id=\"ybyguc7\" data-element_type=\"widget\" data-widget_type=\"image.default\">\n\t\t\t\t<div class=\"elementor-widget-container\">\n\t\t\t\t\t\t\t\t\t\t\t\t\t\t\t<img fetchpriority=\"high\" decoding=\"async\" width=\"1920\" height=\"185\" src=\"https:\/\/www.my-lixi.com\/wp-content\/uploads\/2017\/07\/barre-de-separation-brush.png\" class=\"attachment-full size-full wp-image-107\" alt=\"\" srcset=\"https:\/\/www.my-lixi.com\/wp-content\/uploads\/2017\/07\/barre-de-separation-brush.png 1920w, https:\/\/www.my-lixi.com\/wp-content\/uploads\/2017\/07\/barre-de-separation-brush-350x34.png 350w, https:\/\/www.my-lixi.com\/wp-content\/uploads\/2017\/07\/barre-de-separation-brush-300x29.png 300w, https:\/\/www.my-lixi.com\/wp-content\/uploads\/2017\/07\/barre-de-separation-brush-768x74.png 768w, https:\/\/www.my-lixi.com\/wp-content\/uploads\/2017\/07\/barre-de-separation-brush-1024x99.png 1024w\" sizes=\"100vw\" \/>\t\t\t\t\t\t\t\t\t\t\t\t\t\t\t<\/div>\n\t\t\t\t<\/div>\n\t\t\t\t\t<\/div>\n\t\t<\/div>\n\t\t\t\t\t<\/div>\n\t\t<\/section>\n\t\t\t\t<section class=\"elementor-section elementor-top-section elementor-element elementor-element-f4lvvxw elementor-section-stretched elementor-section-full_width elementor-section-height-default elementor-section-height-default\" data-id=\"f4lvvxw\" data-element_type=\"section\" data-settings=\"{&quot;stretch_section&quot;:&quot;section-stretched&quot;,&quot;background_background&quot;:&quot;classic&quot;}\">\n\t\t\t\t\t\t<div class=\"elementor-container elementor-column-gap-default\">\n\t\t\t\t\t<div class=\"elementor-column elementor-col-33 elementor-top-column elementor-element elementor-element-e9szb81\" data-id=\"e9szb81\" data-element_type=\"column\">\n\t\t\t<div class=\"elementor-widget-wrap\">\n\t\t\t\t\t\t\t<\/div>\n\t\t<\/div>\n\t\t\t\t<div class=\"elementor-column elementor-col-33 elementor-top-column elementor-element elementor-element-48wmymj\" data-id=\"48wmymj\" data-element_type=\"column\">\n\t\t\t<div class=\"elementor-widget-wrap elementor-element-populated\">\n\t\t\t\t\t\t<div class=\"elementor-element elementor-element-jjs6vyw elementor-hidden-phone elementor-widget elementor-widget-heading\" data-id=\"jjs6vyw\" data-element_type=\"widget\" data-widget_type=\"heading.default\">\n\t\t\t\t<div class=\"elementor-widget-container\">\n\t\t\t\t\t<h1 class=\"elementor-heading-title elementor-size-default\">Trouver une boutique<\/h1>\t\t\t\t<\/div>\n\t\t\t\t<\/div>\n\t\t\t\t<div class=\"elementor-element elementor-element-bab96bf elementor-widget elementor-widget-google_maps\" data-id=\"bab96bf\" data-element_type=\"widget\" data-widget_type=\"google_maps.default\">\n\t\t\t\t<div class=\"elementor-widget-container\">\n\t\t\t\t\t\t\t<div class=\"elementor-custom-embed\">\n\t\t\t<iframe loading=\"lazy\"\n\t\t\t\t\tsrc=\"https:\/\/maps.google.com\/maps?q=Cadeau%20Maestro&#038;t=m&#038;z=10&#038;output=embed&#038;iwloc=near\"\n\t\t\t\t\ttitle=\"Cadeau Maestro\"\n\t\t\t\t\taria-label=\"Cadeau Maestro\"\n\t\t\t><\/iframe>\n\t\t<\/div>\n\t\t\t\t\t\t<\/div>\n\t\t\t\t<\/div>\n\t\t\t\t<div class=\"elementor-element elementor-element-rckz2qi elementor-align-center elementor-mobile-align-center elementor-widget elementor-widget-button\" data-id=\"rckz2qi\" data-element_type=\"widget\" data-widget_type=\"button.default\">\n\t\t\t\t<div class=\"elementor-widget-container\">\n\t\t\t\t\t\t\t\t\t<div class=\"elementor-button-wrapper\">\n\t\t\t\t\t<a class=\"elementor-button elementor-button-link elementor-size-lg\" href=\"http:\/\/www.my-lixi.com\/revendeurs\/\">\n\t\t\t\t\t\t<span class=\"elementor-button-content-wrapper\">\n\t\t\t\t\t\t<span class=\"elementor-button-icon\">\n\t\t\t\t\t\t\t\t\t<i class=\"fa fa-plus\" aria-hidden=\"true\"><\/i>\n\t\t\t\t\t\t\t<\/span>\n\t\t\t\t\t\t\t\t\t<span class=\"elementor-button-text\">Voir tous nos revendeurs<\/span>\n\t\t\t\t\t<\/span>\n\t\t\t\t\t<\/a>\n\t\t\t\t<\/div>\n\t\t\t\t\t\t\t\t<\/div>\n\t\t\t\t<\/div>\n\t\t\t\t<div class=\"elementor-element elementor-element-vaosmmv elementor-widget elementor-widget-spacer\" data-id=\"vaosmmv\" data-element_type=\"widget\" data-widget_type=\"spacer.default\">\n\t\t\t\t<div class=\"elementor-widget-container\">\n\t\t\t\t\t\t\t<div class=\"elementor-spacer\">\n\t\t\t<div class=\"elementor-spacer-inner\"><\/div>\n\t\t<\/div>\n\t\t\t\t\t\t<\/div>\n\t\t\t\t<\/div>\n\t\t\t\t\t<\/div>\n\t\t<\/div>\n\t\t\t\t<div class=\"elementor-column elementor-col-33 elementor-top-column elementor-element elementor-element-wvcigup\" data-id=\"wvcigup\" data-element_type=\"column\">\n\t\t\t<div class=\"elementor-widget-wrap\">\n\t\t\t\t\t\t\t<\/div>\n\t\t<\/div>\n\t\t\t\t\t<\/div>\n\t\t<\/section>\n\t\t\t\t<\/div>\n\t\t","protected":false},"excerpt":{"rendered":"<p>Lixi Classique Futuriste et chic, la lampe Lixi est un v\u00e9ritable cam\u00e9l\u00e9on. Discr\u00e8te et \u00e9l\u00e9gante le jour, elle se transforme en sculpture artistique la nuit, gr\u00e2ce \u00e0 un socle lumineux. Choisissez votre forme, et disposez-la sur son socle en h\u00eatre massif. Vous pourrez ainsi d\u00e9corer votre salon, \u00e9clairer votre cuisine et \u00e9pater vos invit\u00e9s avec &hellip; <\/p>\n<p class=\"link-more\"><a href=\"https:\/\/www.my-lixi.com\/fr\/\" class=\"more-link\">Continuer la lecture<span class=\"screen-reader-text\"> de &laquo;&nbsp;Lixi&nbsp;&raquo;<\/span><\/a><\/p>\n","protected":false},"author":1,"featured_media":0,"parent":0,"menu_order":0,"comment_status":"closed","ping_status":"closed","template":"elementor_header_footer","meta":{"footnotes":""},"_links":{"self":[{"href":"https:\/\/www.my-lixi.com\/fr\/wp-json\/wp\/v2\/pages\/10"}],"collection":[{"href":"https:\/\/www.my-lixi.com\/fr\/wp-json\/wp\/v2\/pages"}],"about":[{"href":"https:\/\/www.my-lixi.com\/fr\/wp-json\/wp\/v2\/types\/page"}],"author":[{"embeddable":true,"href":"https:\/\/www.my-lixi.com\/fr\/wp-json\/wp\/v2\/users\/1"}],"replies":[{"embeddable":true,"href":"https:\/\/www.my-lixi.com\/fr\/wp-json\/wp\/v2\/comments?post=10"}],"version-history":[{"count":330,"href":"https:\/\/www.my-lixi.com\/fr\/wp-json\/wp\/v2\/pages\/10\/revisions"}],"predecessor-version":[{"id":2148,"href":"https:\/\/www.my-lixi.com\/fr\/wp-json\/wp\/v2\/pages\/10\/revisions\/2148"}],"wp:attachment":[{"href":"https:\/\/www.my-lixi.com\/fr\/wp-json\/wp\/v2\/media?parent=10"}],"curies":[{"name":"wp","href":"https:\/\/api.w.org\/{rel}","templated":true}]}}